{"id":6,"date":"2021-03-26T13:17:52","date_gmt":"2021-03-26T13:17:52","guid":{"rendered":"https:\/\/baum.mur.at\/?page_id=6"},"modified":"2022-07-12T15:10:58","modified_gmt":"2022-07-12T15:10:58","slug":"about","status":"publish","type":"page","link":"https:\/\/baum.mur.at\/?page_id=6","title":{"rendered":"DAS TEAM"},"content":{"rendered":"\n<figure class=\"wp-block-image size-large\"><img loading=\"lazy\" decoding=\"async\" width=\"1024\" height=\"682\" src=\"https:\/\/baum.mur.at\/wp-content\/uploads\/2022\/07\/MG_2011_w-1-1024x682.jpg\" alt=\"\" class=\"wp-image-275\" srcset=\"https:\/\/baum.mur.at\/wp-content\/uploads\/2022\/07\/MG_2011_w-1-1024x682.jpg 1024w, https:\/\/baum.mur.at\/wp-content\/uploads\/2022\/07\/MG_2011_w-1-300x200.jpg 300w, https:\/\/baum.mur.at\/wp-content\/uploads\/2022\/07\/MG_2011_w-1-768x512.jpg 768w, https:\/\/baum.mur.at\/wp-content\/uploads\/2022\/07\/MG_2011_w-1-1536x1024.jpg 1536w, https:\/\/baum.mur.at\/wp-content\/uploads\/2022\/07\/MG_2011_w-1-680x453.jpg 680w, https:\/\/baum.mur.at\/wp-content\/uploads\/2022\/07\/MG_2011_w-1.jpg 2000w\" sizes=\"auto, (max-width: 1024px) 100vw, 1024px\" \/><figcaption>FOTO:(C) I0hannes zm\u00f6lnig<\/figcaption><\/figure>\n\n\n\n<h2 class=\"wp-block-heading\" id=\"Initiatorin\"><strong>Konzept, Koordinierung: <a href=\"http:\/\/umlaeute.mur.at\">Nicole Pruckermayr, freischaffende K\u00fcnstlerin<\/a><\/strong><\/h2>\n\n\n\n<h2 class=\"wp-block-heading\"><strong>Baumarchitektur in Zusammenarbeit mit<\/strong>:<\/h2>\n\n\n\n<p class=\"is-style-default\"><\/p>\n\n\n\n<h2 class=\"wp-block-heading\"><strong>Institut f\u00fcr Architektur und Medien \/ TU Graz (Milena Stavric)<\/strong><\/h2>\n\n\n\n<p><a href=\"https:\/\/iam.tugraz.at\">https:\/\/iam.tugraz.at<\/a><\/p>\n\n\n\n<h2 class=\"wp-block-heading\"><strong>Statik: <a href=\"http:\/\/hess-engineers.com\/\">HESS Engeneers<\/a> in Zusammenarbeit mit Thomas Bogensperger <\/strong><\/h2>\n\n\n\n<p><a rel=\"noreferrer noopener\" href=\"http:\/\/hess-engineers.com\/\" target=\"_blank\">hess engineers | we engineer your home<\/a><\/p>\n\n\n\n<h2 class=\"wp-block-heading\"><strong>Ausf\u00fchrung: <a href=\"https:\/\/www.konrad-zimmerei.at\/\">Zimmerei Josef Konrad<\/a> in Zusammenarbeit mit der HTBLVA Graz Ortweinschule_BAUTECHNIK_KUNST&amp;DESIGN:<\/strong><\/h2>\n\n\n\n<p>Sebastian Dittmann, G\u00fcnter Drobits, Stefan Hirtenfellner, August Hofer, Manfred Kniepeiss, Josef Konrad, Franz Kummer, Gernot Legenstein, Johann Neumeister, Christian Pucher, David Stelzer, Manfred Zellinger uva, sowie nat\u00fcrlich die Sch\u00fcler und Sch\u00fclerinnen!<\/p>\n\n\n\n<figure class=\"wp-block-embed is-type-wp-embed is-provider-htblva-graz-ortweinschule wp-block-embed-htblva-graz-ortweinschule\"><div class=\"wp-block-embed__wrapper\">\n<blockquote class=\"wp-embedded-content\" data-secret=\"UcqT4RMdnh\"><a href=\"https:\/\/www.ortweinschule.at\/bautechnik\/\">Bautechnik<\/a><\/blockquote><iframe loading=\"lazy\" class=\"wp-embedded-content\" sandbox=\"allow-scripts\" security=\"restricted\" style=\"position: absolute; clip: rect(1px, 1px, 1px, 1px);\" title=\"&#8222;Bautechnik&#8220; &#8212; HTBLVA Graz Ortweinschule\" src=\"https:\/\/www.ortweinschule.at\/bautechnik\/embed\/#?secret=0xe2sHrCDN#?secret=UcqT4RMdnh\" data-secret=\"UcqT4RMdnh\" width=\"600\" height=\"338\" frameborder=\"0\" marginwidth=\"0\" marginheight=\"0\" scrolling=\"no\"><\/iframe>\n<\/div><\/figure>\n\n\n\n<p>Laurenz Angbauer<\/p>\n\n\n\n<h2 class=\"wp-block-heading\"><a href=\"https:\/\/www.ferk-metallbau.at\/\" data-type=\"URL\" data-id=\"https:\/\/www.ferk-metallbau.at\/\">Metallbau Ferk<\/a><\/h2>\n\n\n\n<h2 class=\"wp-block-heading\"><a href=\"http:\/\/www.rauch-holz.at\/\">S\u00e4gewerk Rauch<\/a><\/h2>\n\n\n\n<h2 class=\"wp-block-heading\"><\/h2>\n\n\n\n<p><\/p>\n\n\n\n<h2 class=\"wp-block-heading\"><strong>Ein Kunstprojekt in Kooperation mit dem <a href=\"https:\/\/www.museum-joanneum.at\/kioer\">Institut f\u00fcr Kunst im \u00f6ffentlichen Raum Steiermark<\/a><\/strong><\/h2>\n\n\n\n<p>Vielen Dank f\u00fcr die gro\u00dfe Unterst\u00fctzung aller Betriebe, Institutionen, F\u00f6rdergeber:innen und einzelnen Personen!<\/p>\n","protected":false},"excerpt":{"rendered":"<div class=\"entry-summary\">\nKonzept, Koordinierung: Nicole Pruckermayr, freischaffende K\u00fcnstlerin Baumarchitektur in Zusammenarbeit mit: Institut f\u00fcr Architektur und Medien \/ TU Graz (Milena Stavric) https:\/\/iam.tugraz.at Statik: HESS Engeneers in Zusammenarbeit mit Thomas Bogensperger hess engineers |&hellip;\n<\/div>\n<div class=\"link-more-container\"><a href=\"https:\/\/baum.mur.at\/?page_id=6\" class=\"link-more\" aria-label=\"Continue reading DAS TEAM\">Continue reading&hellip;<\/a><\/div>\n","protected":false},"author":1,"featured_media":0,"parent":0,"menu_order":0,"comment_status":"closed","ping_status":"closed","template":"","meta":{"footnotes":""},"class_list":["post-6","page","type-page","status-publish","hentry","entry","entry-type-page"],"_links":{"self":[{"href":"https:\/\/baum.mur.at\/index.php?rest_route=\/wp\/v2\/pages\/6","targetHints":{"allow":["GET"]}}],"collection":[{"href":"https:\/\/baum.mur.at\/index.php?rest_route=\/wp\/v2\/pages"}],"about":[{"href":"https:\/\/baum.mur.at\/index.php?rest_route=\/wp\/v2\/types\/page"}],"author":[{"embeddable":true,"href":"https:\/\/baum.mur.at\/index.php?rest_route=\/wp\/v2\/users\/1"}],"replies":[{"embeddable":true,"href":"https:\/\/baum.mur.at\/index.php?rest_route=%2Fwp%2Fv2%2Fcomments&post=6"}],"version-history":[{"count":17,"href":"https:\/\/baum.mur.at\/index.php?rest_route=\/wp\/v2\/pages\/6\/revisions"}],"predecessor-version":[{"id":276,"href":"https:\/\/baum.mur.at\/index.php?rest_route=\/wp\/v2\/pages\/6\/revisions\/276"}],"wp:attachment":[{"href":"https:\/\/baum.mur.at\/index.php?rest_route=%2Fwp%2Fv2%2Fmedia&parent=6"}],"curies":[{"name":"wp","href":"https:\/\/api.w.org\/{rel}","templated":true}]}}