{"id":5,"date":"2021-03-26T13:17:52","date_gmt":"2021-03-26T13:17:52","guid":{"rendered":"https:\/\/baum.mur.at\/?page_id=5"},"modified":"2022-07-18T12:10:55","modified_gmt":"2022-07-18T12:10:55","slug":"create-your-website-with-blocks","status":"publish","type":"page","link":"https:\/\/baum.mur.at\/","title":{"rendered":"ein \u00f6kosoziales Kunstprojekt"},"content":{"rendered":"<div class=\"alignwide-wrap\" data-block=\"heading\">\n<h2 class=\"alignwide has-text-align-wide has-gigantic-font-size wp-block-heading\" style=\"line-height:1.1\">HIER K\u00d6NNTE EIN BAUM STEHEN!<\/h2>\n<\/div>\n\n\n<p>nicole pruckermayr <\/p>\n\n\n\n<figure class=\"wp-block-image size-large\"><img loading=\"lazy\" decoding=\"async\" width=\"732\" height=\"1024\" src=\"https:\/\/baum.mur.at\/wp-content\/uploads\/2022\/07\/Pruckermayr-Baum-Foto-Zachariadis-2611-1600px-1-732x1024.jpg\" alt=\"\" class=\"wp-image-272\" srcset=\"https:\/\/baum.mur.at\/wp-content\/uploads\/2022\/07\/Pruckermayr-Baum-Foto-Zachariadis-2611-1600px-1-732x1024.jpg 732w, https:\/\/baum.mur.at\/wp-content\/uploads\/2022\/07\/Pruckermayr-Baum-Foto-Zachariadis-2611-1600px-1-214x300.jpg 214w, https:\/\/baum.mur.at\/wp-content\/uploads\/2022\/07\/Pruckermayr-Baum-Foto-Zachariadis-2611-1600px-1-768x1075.jpg 768w, https:\/\/baum.mur.at\/wp-content\/uploads\/2022\/07\/Pruckermayr-Baum-Foto-Zachariadis-2611-1600px-1-1097x1536.jpg 1097w, https:\/\/baum.mur.at\/wp-content\/uploads\/2022\/07\/Pruckermayr-Baum-Foto-Zachariadis-2611-1600px-1.jpg 1143w\" sizes=\"auto, (max-width: 732px) 100vw, 732px\" \/><figcaption>FOTO:(C) Nikolaos Zachariadis<\/figcaption><\/figure>\n\n\n\n<p><strong>BAUM- UND HITZEGESPR\u00c4CH:<\/strong> Donnerstag, 14. Juli, 16 Uhr vorort Judith Schwentner (Vizeb\u00fcrgermeisterin), Bernhard Inninger (Leiter des Stadtplanungsamts Graz), Robert Wiener (Abteilungsleiter Gr\u00fcnraum und Gew\u00e4sser Graz), Lubomir Surnev und Klaus Strobl (Bezirksvorsteher und -Stellvertreter Graz-Jakomini), Ingrid Kaltenegger (Projektleiterin von JACKY COOL CHECK) u. v. a.<\/p>\n\n\n\n<figure class=\"wp-block-image size-large\"><img loading=\"lazy\" decoding=\"async\" width=\"1024\" height=\"768\" src=\"https:\/\/baum.mur.at\/wp-content\/uploads\/2022\/07\/IMG_5767-1024x768.jpeg\" alt=\"\" class=\"wp-image-301\" srcset=\"https:\/\/baum.mur.at\/wp-content\/uploads\/2022\/07\/IMG_5767-1024x768.jpeg 1024w, https:\/\/baum.mur.at\/wp-content\/uploads\/2022\/07\/IMG_5767-300x225.jpeg 300w, https:\/\/baum.mur.at\/wp-content\/uploads\/2022\/07\/IMG_5767-768x576.jpeg 768w, https:\/\/baum.mur.at\/wp-content\/uploads\/2022\/07\/IMG_5767.jpeg 1280w\" sizes=\"auto, (max-width: 1024px) 100vw, 1024px\" \/><figcaption>Foto: (C) Reinfried Horn<\/figcaption><\/figure>\n\n\n\n<p><strong>DAUER DER INSTALLATION:<\/strong> 8. Juli \u2013 11. August 2022<\/p>\n\n\n\n<p><\/p>\n\n\n\n<p class=\"has-large-font-size\">Ist das Abbild eines Gegenstandes dominanter als der Gegenstand selbst? Jedenfalls: Erst durch das Sichtbarmachen der M\u00f6glichkeit eines Baumes kann das Bed\u00fcrfnis nach einem Baum tats\u00e4chlich geweckt werden. Modellhaft und abstrahiert wird, ausgehend von der Geometrie der Natur, eine fraktale Struktur, ein k\u00fcnstlicher Baum aus dem Holz eines echten Baumes entwickelt.<\/p>\n\n\n\n<p class=\"has-large-font-size\">Wald-Baum\u2192artifizieller Baum\u2192Stadt-Baum. <\/p>\n\n\n\n<p class=\"has-large-font-size\">EIN Baum, MEIN Baum, UNSER Baum.<\/p>\n\n\n\n<p class=\"has-extra-small-font-size\"><em>nicole pruckermayr<\/em><\/p>\n\n\n\n<p><\/p>\n\n\n\n<p><\/p>\n\n\n\n<p>BAUM-ARCHITEKTUR \/ KONSTRUKTION \/ RENDERING                        IN ZUSAMMENARBEIT MIT: Milena Stavri\u0107 \/ Institut f\u00fcr Architektur und Medien \/ TU Graz <\/p>\n\n\n\n<p>AUSF\u00dcHRUNG: Zimmerei Konrad in Zusammenarbeit mit der HTBLVA-Ortweinschule BAUTECHNIK_KUNST &amp; DESIGN<\/p>\n\n\n\n<p>STATIK: HESS Engineers<\/p>\n\n\n\n<p>HOLZ vorwiegend aus dem Forst der Stadt Graz<\/p>\n\n\n\n<p><\/p>\n\n\n\n<p><\/p>\n\n\n\n<p>IN KOOPERATION MIT:<\/p>\n\n\n\n<figure class=\"wp-block-image size-large is-resized\"><img loading=\"lazy\" decoding=\"async\" src=\"https:\/\/baum.mur.at\/wp-content\/uploads\/2022\/05\/ikodruck-1024x307.jpg\" alt=\"\" class=\"wp-image-76\" width=\"512\" height=\"154\" srcset=\"https:\/\/baum.mur.at\/wp-content\/uploads\/2022\/05\/ikodruck-1024x307.jpg 1024w, https:\/\/baum.mur.at\/wp-content\/uploads\/2022\/05\/ikodruck-300x90.jpg 300w, https:\/\/baum.mur.at\/wp-content\/uploads\/2022\/05\/ikodruck-768x230.jpg 768w, https:\/\/baum.mur.at\/wp-content\/uploads\/2022\/05\/ikodruck.jpg 1181w\" sizes=\"auto, (max-width: 512px) 100vw, 512px\" \/><\/figure>\n\n\n\n<p><\/p>\n\n\n\n<p>UNTERST\u00dcTZT DURCH:<\/p>\n\n\n\n<p><img loading=\"lazy\" decoding=\"async\" width=\"200\" height=\"50\" class=\"wp-image-67\" style=\"width: 200px;\" src=\"http:\/\/baum.mur.at\/wp-content\/uploads\/2022\/05\/Ortweinschule.jpg\" alt=\"\" srcset=\"https:\/\/baum.mur.at\/wp-content\/uploads\/2022\/05\/Ortweinschule.jpg 2443w, https:\/\/baum.mur.at\/wp-content\/uploads\/2022\/05\/Ortweinschule-300x75.jpg 300w, https:\/\/baum.mur.at\/wp-content\/uploads\/2022\/05\/Ortweinschule-1024x255.jpg 1024w, https:\/\/baum.mur.at\/wp-content\/uploads\/2022\/05\/Ortweinschule-768x191.jpg 768w, https:\/\/baum.mur.at\/wp-content\/uploads\/2022\/05\/Ortweinschule-1536x383.jpg 1536w, https:\/\/baum.mur.at\/wp-content\/uploads\/2022\/05\/Ortweinschule-2048x511.jpg 2048w\" sizes=\"auto, (max-width: 200px) 100vw, 200px\" \/>   <\/p>\n\n\n\n<figure class=\"wp-block-image\"><img loading=\"lazy\" decoding=\"async\" width=\"174\" height=\"64\" src=\"http:\/\/baum.mur.at\/wp-content\/uploads\/2022\/05\/tuGraz-logo.jpg\" alt=\"\" class=\"wp-image-73\"\/><\/figure>\n\n\n\n<p> <\/p>\n\n\n\n<p><\/p>\n\n\n\n<p>GEF\u00d6RDERT VON:<\/p>\n\n\n\n<p><img loading=\"lazy\" decoding=\"async\" width=\"130\" height=\"73\" class=\"wp-image-69\" style=\"width: 130px;\" src=\"http:\/\/baum.mur.at\/wp-content\/uploads\/2022\/05\/A9_Kultur_Europa_Sport_SW.jpg\" alt=\"\" srcset=\"https:\/\/baum.mur.at\/wp-content\/uploads\/2022\/05\/A9_Kultur_Europa_Sport_SW.jpg 1303w, https:\/\/baum.mur.at\/wp-content\/uploads\/2022\/05\/A9_Kultur_Europa_Sport_SW-300x168.jpg 300w, https:\/\/baum.mur.at\/wp-content\/uploads\/2022\/05\/A9_Kultur_Europa_Sport_SW-1024x573.jpg 1024w, https:\/\/baum.mur.at\/wp-content\/uploads\/2022\/05\/A9_Kultur_Europa_Sport_SW-768x430.jpg 768w\" sizes=\"auto, (max-width: 130px) 100vw, 130px\" \/>  <img loading=\"lazy\" decoding=\"async\" width=\"130\" height=\"30\" class=\"wp-image-70\" style=\"width: 130px;\" src=\"http:\/\/baum.mur.at\/wp-content\/uploads\/2022\/05\/GRAZ_strich.jpg\" alt=\"\">  <img loading=\"lazy\" decoding=\"async\" width=\"130\" height=\"76\" class=\"wp-image-72\" style=\"width: 130px;\" src=\"http:\/\/baum.mur.at\/wp-content\/uploads\/2022\/05\/logo.bezirksrat.jakomini_2017.jpg\" alt=\"\" srcset=\"https:\/\/baum.mur.at\/wp-content\/uploads\/2022\/05\/logo.bezirksrat.jakomini_2017.jpg 1890w, https:\/\/baum.mur.at\/wp-content\/uploads\/2022\/05\/logo.bezirksrat.jakomini_2017-300x175.jpg 300w, https:\/\/baum.mur.at\/wp-content\/uploads\/2022\/05\/logo.bezirksrat.jakomini_2017-1024x596.jpg 1024w, https:\/\/baum.mur.at\/wp-content\/uploads\/2022\/05\/logo.bezirksrat.jakomini_2017-768x447.jpg 768w, https:\/\/baum.mur.at\/wp-content\/uploads\/2022\/05\/logo.bezirksrat.jakomini_2017-1536x894.jpg 1536w\" sizes=\"auto, (max-width: 130px) 100vw, 130px\" \/> <img loading=\"lazy\" decoding=\"async\" width=\"130\" height=\"52\" class=\"wp-image-74\" style=\"width: 130px;\" src=\"http:\/\/baum.mur.at\/wp-content\/uploads\/2022\/05\/WKO.jpg\" alt=\"\" srcset=\"https:\/\/baum.mur.at\/wp-content\/uploads\/2022\/05\/WKO.jpg 325w, https:\/\/baum.mur.at\/wp-content\/uploads\/2022\/05\/WKO-300x121.jpg 300w\" sizes=\"auto, (max-width: 130px) 100vw, 130px\" \/><img loading=\"lazy\" decoding=\"async\" width=\"130\" height=\"52\" class=\"wp-image-136\" style=\"width: 130px;\" src=\"http:\/\/baum.mur.at\/wp-content\/uploads\/2022\/06\/FERK_Metallbau_Pulverbeschichtung.jpg\" alt=\"\" srcset=\"https:\/\/baum.mur.at\/wp-content\/uploads\/2022\/06\/FERK_Metallbau_Pulverbeschichtung.jpg 1180w, https:\/\/baum.mur.at\/wp-content\/uploads\/2022\/06\/FERK_Metallbau_Pulverbeschichtung-300x120.jpg 300w, https:\/\/baum.mur.at\/wp-content\/uploads\/2022\/06\/FERK_Metallbau_Pulverbeschichtung-1024x410.jpg 1024w, https:\/\/baum.mur.at\/wp-content\/uploads\/2022\/06\/FERK_Metallbau_Pulverbeschichtung-768x307.jpg 768w\" sizes=\"auto, (max-width: 130px) 100vw, 130px\" \/>  <img loading=\"lazy\" decoding=\"async\" width=\"130\" height=\"41\" class=\"wp-image-141\" style=\"width: 130px;\" src=\"http:\/\/baum.mur.at\/wp-content\/uploads\/2022\/06\/Logo-Hechenblaickner-Vektor.jpg\" alt=\"\" srcset=\"https:\/\/baum.mur.at\/wp-content\/uploads\/2022\/06\/Logo-Hechenblaickner-Vektor.jpg 341w, https:\/\/baum.mur.at\/wp-content\/uploads\/2022\/06\/Logo-Hechenblaickner-Vektor-300x94.jpg 300w\" sizes=\"auto, (max-width: 130px) 100vw, 130px\" \/>  <img loading=\"lazy\" decoding=\"async\" width=\"100\" height=\"58\" class=\"wp-image-143\" style=\"width: 100px;\" src=\"http:\/\/baum.mur.at\/wp-content\/uploads\/2022\/06\/logo_jaf_unsere_welt.jpg\" alt=\"\" srcset=\"https:\/\/baum.mur.at\/wp-content\/uploads\/2022\/06\/logo_jaf_unsere_welt.jpg 900w, https:\/\/baum.mur.at\/wp-content\/uploads\/2022\/06\/logo_jaf_unsere_welt-300x173.jpg 300w, https:\/\/baum.mur.at\/wp-content\/uploads\/2022\/06\/logo_jaf_unsere_welt-768x443.jpg 768w\" sizes=\"auto, (max-width: 100px) 100vw, 100px\" \/>     <img loading=\"lazy\" decoding=\"async\" width=\"150\" height=\"89\" class=\"wp-image-149\" style=\"width: 150px;\" src=\"http:\/\/baum.mur.at\/wp-content\/uploads\/2022\/06\/seeeeege.jpg\" alt=\"\"><img loading=\"lazy\" decoding=\"async\" width=\"150\" height=\"34\" class=\"wp-image-179\" style=\"width: 150px;\" src=\"http:\/\/baum.mur.at\/wp-content\/uploads\/2022\/06\/kon-gmbh-logo.jpg\" alt=\"\" srcset=\"https:\/\/baum.mur.at\/wp-content\/uploads\/2022\/06\/kon-gmbh-logo.jpg 1133w, https:\/\/baum.mur.at\/wp-content\/uploads\/2022\/06\/kon-gmbh-logo-300x67.jpg 300w, https:\/\/baum.mur.at\/wp-content\/uploads\/2022\/06\/kon-gmbh-logo-1024x230.jpg 1024w, https:\/\/baum.mur.at\/wp-content\/uploads\/2022\/06\/kon-gmbh-logo-768x172.jpg 768w\" sizes=\"auto, (max-width: 150px) 100vw, 150px\" \/><\/p>\n\n\n\n<p>DANK AN:<\/p>\n\n\n\n<p>Johann Neumeister, Milena Stavric, Peter Bedenk, Bernhard Inninger, Elisabeth Fiedler, Jasmin Haselsteiner-Scharner, Laurenz Angbauer, Elmar Hess, Thomas Bogensperger, Manfred Kniepeiss, Robert Wiener, Astrid Feuchter, Oswald Zinterl, Barbara Rauch, Hansj\u00f6rg Rauch, Martin Zettel, Doris Stiksl, Klaus Strobl, Manfred Zellinger, Lubomir Surnev, Kristjan Ristoski, Bernd Haintz, Urs Hirschberg, Stefan Peters, Richard Dank, Sebastian Dittmann, G\u00fcnter Drobits, Stefan Hirtenfellner, August Hofer, Josef Konrad, Franz Kummer, Gernot Legenstein, Christian Pucher und an die Sch\u00fcler und Sch\u00fclerinnen uvm.<\/p>\n","protected":false},"excerpt":{"rendered":"<div class=\"entry-summary\">\nHIER K\u00d6NNTE EIN BAUM STEHEN! nicole pruckermayr BAUM- UND HITZEGESPR\u00c4CH: Donnerstag, 14. Juli, 16 Uhr vorort Judith Schwentner (Vizeb\u00fcrgermeisterin), Bernhard Inninger (Leiter des Stadtplanungsamts Graz), Robert Wiener (Abteilungsleiter Gr\u00fcnraum und Gew\u00e4sser Graz),&hellip;\n<\/div>\n<div class=\"link-more-container\"><a href=\"https:\/\/baum.mur.at\/\" class=\"link-more\" aria-label=\"Continue reading ein \u00f6kosoziales Kunstprojekt\">Continue reading&hellip;<\/a><\/div>\n","protected":false},"author":1,"featured_media":0,"parent":0,"menu_order":0,"comment_status":"closed","ping_status":"closed","template":"","meta":{"footnotes":""},"class_list":["post-5","page","type-page","status-publish","hentry","entry","entry-type-page"],"_links":{"self":[{"href":"https:\/\/baum.mur.at\/index.php?rest_route=\/wp\/v2\/pages\/5","targetHints":{"allow":["GET"]}}],"collection":[{"href":"https:\/\/baum.mur.at\/index.php?rest_route=\/wp\/v2\/pages"}],"about":[{"href":"https:\/\/baum.mur.at\/index.php?rest_route=\/wp\/v2\/types\/page"}],"author":[{"embeddable":true,"href":"https:\/\/baum.mur.at\/index.php?rest_route=\/wp\/v2\/users\/1"}],"replies":[{"embeddable":true,"href":"https:\/\/baum.mur.at\/index.php?rest_route=%2Fwp%2Fv2%2Fcomments&post=5"}],"version-history":[{"count":50,"href":"https:\/\/baum.mur.at\/index.php?rest_route=\/wp\/v2\/pages\/5\/revisions"}],"predecessor-version":[{"id":303,"href":"https:\/\/baum.mur.at\/index.php?rest_route=\/wp\/v2\/pages\/5\/revisions\/303"}],"wp:attachment":[{"href":"https:\/\/baum.mur.at\/index.php?rest_route=%2Fwp%2Fv2%2Fmedia&parent=5"}],"curies":[{"name":"wp","href":"https:\/\/api.w.org\/{rel}","templated":true}]}}